{"id":726,"date":"2025-09-25T22:51:25","date_gmt":"2025-09-25T22:51:25","guid":{"rendered":"https:\/\/tallinnarestoranid.ee\/teemaravintolat-ja-viihdepaikat\/"},"modified":"2025-12-08T17:07:29","modified_gmt":"2025-12-08T17:07:29","slug":"teemaravintolat-ja-viihdepaikat","status":"publish","type":"page","link":"https:\/\/tallinnarestoranid.ee\/fi\/teemaravintolat-ja-viihdepaikat\/","title":{"rendered":"Teemaravintolat ja viihdepaikat"},"content":{"rendered":"<style>.kb-row-layout-id528_94ae05-22 > .kt-row-column-wrap{align-content:start;}:where(.kb-row-layout-id528_94ae05-22 > .kt-row-column-wrap) > .wp-block-kadence-column{justify-content:start;}.kb-row-layout-id528_94ae05-22 > .kt-row-column-wrap{column-gap:var(--global-kb-gap-lg, 4rem);row-gap:var(--global-kb-gap-lg, 4rem);max-width:var( --global-content-width, 1290px );padding-left:var(--global-content-edge-padding);padding-right:var(--global-content-edge-padding);padding-top:var(--global-kb-spacing-4xl, 8rem);padding-bottom:var(--global-kb-spacing-3xl, 6.5rem);grid-template-columns:minmax(0, 1fr);}.kb-row-layout-id528_94ae05-22 > .kt-row-layout-overlay{opacity:0.30;}@media all and (max-width: 1024px){.kb-row-layout-id528_94ae05-22 > .kt-row-column-wrap{grid-template-columns:minmax(0, 1fr);}}@media all and (max-width: 767px){.kb-row-layout-id528_94ae05-22 > .kt-row-column-wrap{grid-template-columns:minmax(0, 1fr);}}<\/style><div class=\"kb-row-layout-wrap kb-row-layout-id528_94ae05-22 alignfull has-theme-palette9-background-color kt-row-has-bg wp-block-kadence-rowlayout\"><div class=\"kt-row-column-wrap kt-has-2-columns kt-row-layout-row kt-tab-layout-inherit kt-mobile-layout-row kt-row-valign-top kb-theme-content-width\">\n<style>.kadence-column528_c27b43-1e > .kt-inside-inner-col{padding-bottom:0px;}.kadence-column528_c27b43-1e > .kt-inside-inner-col,.kadence-column528_c27b43-1e > .kt-inside-inner-col:before{border-top-left-radius:0px;border-top-right-radius:0px;border-bottom-right-radius:0px;border-bottom-left-radius:0px;}.kadence-column528_c27b43-1e > .kt-inside-inner-col{column-gap:var(--global-kb-gap-sm, 1rem);}.kadence-column528_c27b43-1e > .kt-inside-inner-col{flex-direction:column;}.kadence-column528_c27b43-1e > .kt-inside-inner-col > .aligncenter{width:100%;}.kadence-column528_c27b43-1e > .kt-inside-inner-col:before{opacity:0.3;}.kadence-column528_c27b43-1e{text-align:center;}.kadence-column528_c27b43-1e{position:relative;}.kadence-column528_c27b43-1e, .kt-inside-inner-col > .kadence-column528_c27b43-1e:not(.specificity){margin-right:var(--global-kb-spacing-4xl, 8rem);margin-left:var(--global-kb-spacing-4xl, 8rem);}@media all and (max-width: 1024px){.kadence-column528_c27b43-1e > .kt-inside-inner-col{flex-direction:column;justify-content:center;}}@media all and (max-width: 1024px){.kadence-column528_c27b43-1e, .kt-inside-inner-col > .kadence-column528_c27b43-1e:not(.specificity){margin-right:var(--global-kb-spacing-lg, 3rem);margin-left:var(--global-kb-spacing-lg, 3rem);}}@media all and (max-width: 767px){.kadence-column528_c27b43-1e > .kt-inside-inner-col{flex-direction:column;justify-content:center;}.kadence-column528_c27b43-1e, .kt-inside-inner-col > .kadence-column528_c27b43-1e:not(.specificity){margin-right:0px;margin-left:0px;}}<\/style>\n<div class=\"wp-block-kadence-column kadence-column528_c27b43-1e\"><div class=\"kt-inside-inner-col\"><style>.wp-block-kadence-advancedheading.kt-adv-heading528_91b101-b9, .wp-block-kadence-advancedheading.kt-adv-heading528_91b101-b9[data-kb-block=\"kb-adv-heading528_91b101-b9\"]{padding-top:0px;padding-bottom:20px;text-align:center;font-size:20px;font-weight:500;font-style:normal;}.wp-block-kadence-advancedheading.kt-adv-heading528_91b101-b9[data-kb-block=\"kb-adv-heading528_91b101-b9\"]{display:flex;gap:0.25em;justify-content:center;align-items:center;}.wp-block-kadence-advancedheading.kt-adv-heading528_91b101-b9[data-kb-block=\"kb-adv-heading528_91b101-b9\"] .kb-adv-heading-icon svg{width:1em;height:1em;}.wp-block-kadence-advancedheading.kt-adv-heading528_91b101-b9 mark.kt-highlight, .wp-block-kadence-advancedheading.kt-adv-heading528_91b101-b9[data-kb-block=\"kb-adv-heading528_91b101-b9\"] mark.kt-highlight{font-style:normal;color:#f76a0c;-webkit-box-decoration-break:clone;box-decoration-break:clone;padding-top:0px;padding-right:0px;padding-bottom:0px;padding-left:0px;}.wp-block-kadence-advancedheading.kt-adv-heading528_91b101-b9 img.kb-inline-image, .wp-block-kadence-advancedheading.kt-adv-heading528_91b101-b9[data-kb-block=\"kb-adv-heading528_91b101-b9\"] img.kb-inline-image{width:150px;vertical-align:baseline;}<\/style><a class=\"kb-advanced-heading-link kt-adv-heading-link528_91b101-b9\" href=\"https:\/\/tallinnarestoranid.ee\"><div class=\"kt-adv-heading528_91b101-b9 wp-block-kadence-advancedheading kt-adv-heading-has-icon has-theme-palette1-color has-text-color\" data-kb-block=\"kb-adv-heading528_91b101-b9\"><span class=\"kb-svg-icon-wrap kb-adv-heading-icon kb-svg-icon-fe_arrowLeft kb-adv-heading-icon-side-left\"><svg viewBox=\"0 0 24 24\"  fill=\"none\" stroke=\"currentColor\" stroke-width=\"2\" stroke-linecap=\"round\" stroke-linejoin=\"round\" xmlns=\"http:\/\/www.w3.org\/2000\/svg\"  aria-hidden=\"true\"><line x1=\"19\" y1=\"12\" x2=\"5\" y2=\"12\"\/><polyline points=\"12 19 5 12 12 5\"\/><\/svg><\/span><span class=\"kb-adv-text-inner\">Tagasi<\/span><\/div><\/a>\n\n<style>.wp-block-kadence-advancedheading.kt-adv-heading528_7856e2-26, .wp-block-kadence-advancedheading.kt-adv-heading528_7856e2-26[data-kb-block=\"kb-adv-heading528_7856e2-26\"]{max-width:750px;margin-right:auto;margin-left:auto;padding-bottom:0px;margin-top:0px;text-align:center;font-size:40px;line-height:48px;font-style:normal;}.wp-block-kadence-advancedheading.kt-adv-heading528_7856e2-26 mark.kt-highlight, .wp-block-kadence-advancedheading.kt-adv-heading528_7856e2-26[data-kb-block=\"kb-adv-heading528_7856e2-26\"] mark.kt-highlight{font-style:normal;color:#f76a0c;-webkit-box-decoration-break:clone;box-decoration-break:clone;padding-top:0px;padding-right:0px;padding-bottom:0px;padding-left:0px;}.wp-block-kadence-advancedheading.kt-adv-heading528_7856e2-26 img.kb-inline-image, .wp-block-kadence-advancedheading.kt-adv-heading528_7856e2-26[data-kb-block=\"kb-adv-heading528_7856e2-26\"] img.kb-inline-image{width:150px;vertical-align:baseline;}@media all and (max-width: 767px){.wp-block-kadence-advancedheading.kt-adv-heading528_7856e2-26, .wp-block-kadence-advancedheading.kt-adv-heading528_7856e2-26[data-kb-block=\"kb-adv-heading528_7856e2-26\"]{font-size:24px;}}<\/style>\n<h2 class=\"kt-adv-heading528_7856e2-26 wp-block-kadence-advancedheading has-theme-palette-3-color has-text-color\" data-kb-block=\"kb-adv-heading528_7856e2-26\">Teemaravintolat ja viihdepaikat<\/h2>\n\n\n<style>.wp-block-kadence-advancedheading.kt-adv-heading528_a279f1-47, .wp-block-kadence-advancedheading.kt-adv-heading528_a279f1-47[data-kb-block=\"kb-adv-heading528_a279f1-47\"]{max-width:700px;margin-right:auto;margin-left:auto;text-align:center;font-style:normal;}.wp-block-kadence-advancedheading.kt-adv-heading528_a279f1-47 mark.kt-highlight, .wp-block-kadence-advancedheading.kt-adv-heading528_a279f1-47[data-kb-block=\"kb-adv-heading528_a279f1-47\"] mark.kt-highlight{font-style:normal;color:#f76a0c;-webkit-box-decoration-break:clone;box-decoration-break:clone;padding-top:0px;padding-right:0px;padding-bottom:0px;padding-left:0px;}.wp-block-kadence-advancedheading.kt-adv-heading528_a279f1-47 img.kb-inline-image, .wp-block-kadence-advancedheading.kt-adv-heading528_a279f1-47[data-kb-block=\"kb-adv-heading528_a279f1-47\"] img.kb-inline-image{width:150px;vertical-align:baseline;}<\/style>\n<p class=\"kt-adv-heading528_a279f1-47 wp-block-kadence-advancedheading has-theme-palette-3-color has-text-color\" data-kb-block=\"kb-adv-heading528_a279f1-47\">Tallinna on t\u00e4ynn\u00e4 monipuolisia ravintoloita \u2013 viihtyisist\u00e4 kotiruokaravintoloista aina kansainv\u00e4lisen tason fine dining -el\u00e4myksiin saakka. Listaltamme l\u00f6yd\u00e4t Tallinnan parhaat ravintolat, joissa voit nauttia niin lounasta, liiketapaamista kuin romanttista illallistakin.<\/p>\n\n\n<style>.wp-block-kadence-advancedbtn.kb-btns528_459f63-23{gap:var(--global-kb-gap-xs, 0.5rem );justify-content:center;align-items:center;}.kt-btns528_459f63-23 .kt-button{font-weight:normal;font-style:normal;}.kt-btns528_459f63-23 .kt-btn-wrap-0{margin-right:5px;}.wp-block-kadence-advancedbtn.kt-btns528_459f63-23 .kt-btn-wrap-0 .kt-button{color:#555555;border-color:#555555;}.wp-block-kadence-advancedbtn.kt-btns528_459f63-23 .kt-btn-wrap-0 .kt-button:hover, .wp-block-kadence-advancedbtn.kt-btns528_459f63-23 .kt-btn-wrap-0 .kt-button:focus{color:#ffffff;border-color:#444444;}.wp-block-kadence-advancedbtn.kt-btns528_459f63-23 .kt-btn-wrap-0 .kt-button::before{display:none;}.wp-block-kadence-advancedbtn.kt-btns528_459f63-23 .kt-btn-wrap-0 .kt-button:hover, .wp-block-kadence-advancedbtn.kt-btns528_459f63-23 .kt-btn-wrap-0 .kt-button:focus{background:#444444;}<\/style>\n<div class=\"wp-block-kadence-advancedbtn kb-buttons-wrap kb-btns528_459f63-23\"><style>ul.menu .wp-block-kadence-advancedbtn .kb-btn528_0131bf-b3.kb-button{width:initial;}<\/style><a class=\"kb-button kt-button button kb-btn528_0131bf-b3 kt-btn-size-standard kt-btn-width-type-auto kb-btn-global-inherit  kt-btn-has-text-true kt-btn-has-svg-false  wp-block-button__link wp-block-kadence-singlebtn\" href=\"https:\/\/tallinnarestoranid.ee\/#kontakt\"><span class=\"kt-btn-inner-text\">Mainosta itse\u00e4si t\u00e4\u00e4ll\u00e4<\/span><\/a><\/div>\n<\/div><\/div>\n\n\n<style>.kadence-column528_61c4a1-41 > .kt-inside-inner-col,.kadence-column528_61c4a1-41 > .kt-inside-inner-col:before{border-top-left-radius:0px;border-top-right-radius:0px;border-bottom-right-radius:0px;border-bottom-left-radius:0px;}.kadence-column528_61c4a1-41 > .kt-inside-inner-col{column-gap:var(--global-kb-gap-sm, 1rem);}.kadence-column528_61c4a1-41 > .kt-inside-inner-col{flex-direction:column;}.kadence-column528_61c4a1-41 > .kt-inside-inner-col > .aligncenter{width:100%;}.kadence-column528_61c4a1-41 > .kt-inside-inner-col:before{opacity:0.3;}.kadence-column528_61c4a1-41{position:relative;}@media all and (max-width: 1024px){.kadence-column528_61c4a1-41 > .kt-inside-inner-col{flex-direction:column;justify-content:center;}}@media all and (max-width: 767px){.kadence-column528_61c4a1-41 > .kt-inside-inner-col{flex-direction:column;justify-content:center;}}<\/style>\n<div class=\"wp-block-kadence-column kadence-column528_61c4a1-41\"><div class=\"kt-inside-inner-col\"><div class=\"tr-wrapper\" id=\"trlist_McXHn6WT\" data-trlist=\"1\" data-offset=\"7\" data-per-page=\"6\" data-category=\"teemarestoranid-ja-meelelahutuspaigad\" data-orderby=\"date\" data-order=\"DESC\" data-theme=\"\" data-color=\"\"><section class=\"tr-list\"><article class=\"clisting light blue\"><img decoding=\"async\" class=\"clisting__img\" src=\"https:\/\/tallinnarestoranid.ee\/wp-content\/uploads\/2025\/09\/tallinn.png\" alt=\"Depeche Mode Bar\" loading=\"lazy\"\/><div class=\"clisting__text t-dark\"><h2 class=\"clisting__title blue\"><a href=\"https:\/\/www.facebook.com\/dmbaartln\/\" target=\"_blank\" rel=\"noopener\">Depeche Mode Bar<\/a><\/h2><div class=\"clisting__bar\"><\/div><div class=\"clisting__actions\"><a class=\"clisting__btn\" href=\"https:\/\/www.facebook.com\/dmbaartln\/\" target=\"_blank\" rel=\"noopener\" aria-label=\"Veebisait (avaneb uues vahekaardis)\"><svg viewBox=\"0 0 24 24\" fill=\"none\" stroke=\"currentColor\" stroke-width=\"2\" stroke-linecap=\"round\" stroke-linejoin=\"round\" aria-hidden=\"true\"><path d=\"M18 13v6a2 2 0 0 1-2 2H6a2 2 0 0 1-2-2V8a2 2 0 0 1 2-2h6\"\/><polyline points=\"15 3 21 3 21 9\"\/><line x1=\"10\" y1=\"14\" x2=\"21\" y2=\"3\"\/><\/svg><span>Veebisait<\/span><\/a><\/div><\/div><\/article><article class=\"clisting light blue\"><img decoding=\"async\" class=\"clisting__img\" src=\"https:\/\/tallinnarestoranid.ee\/wp-content\/uploads\/2025\/09\/tallinn.png\" alt=\"Botaanik\" loading=\"lazy\"\/><div class=\"clisting__text t-dark\"><h2 class=\"clisting__title blue\"><a href=\"https:\/\/www.botaanik.ee\/\" target=\"_blank\" rel=\"noopener\">Botaanik<\/a><\/h2><div class=\"clisting__bar\"><\/div><div class=\"clisting__actions\"><a class=\"clisting__btn\" href=\"https:\/\/www.botaanik.ee\/\" target=\"_blank\" rel=\"noopener\" aria-label=\"Veebisait (avaneb uues vahekaardis)\"><svg viewBox=\"0 0 24 24\" fill=\"none\" stroke=\"currentColor\" stroke-width=\"2\" stroke-linecap=\"round\" stroke-linejoin=\"round\" aria-hidden=\"true\"><path d=\"M18 13v6a2 2 0 0 1-2 2H6a2 2 0 0 1-2-2V8a2 2 0 0 1 2-2h6\"\/><polyline points=\"15 3 21 3 21 9\"\/><line x1=\"10\" y1=\"14\" x2=\"21\" y2=\"3\"\/><\/svg><span>Veebisait<\/span><\/a><\/div><\/div><\/article><article class=\"clisting light blue\"><img decoding=\"async\" class=\"clisting__img\" src=\"https:\/\/tallinnarestoranid.ee\/wp-content\/uploads\/2025\/09\/tallinn.png\" alt=\"Labor\" loading=\"lazy\"\/><div class=\"clisting__text t-dark\"><h2 class=\"clisting__title blue\"><a href=\"https:\/\/www.facebook.com\/LaborBaar\/\" target=\"_blank\" rel=\"noopener\">Labor<\/a><\/h2><div class=\"clisting__bar\"><\/div><div class=\"clisting__actions\"><a class=\"clisting__btn\" href=\"https:\/\/www.facebook.com\/LaborBaar\/\" target=\"_blank\" rel=\"noopener\" aria-label=\"Veebisait (avaneb uues vahekaardis)\"><svg viewBox=\"0 0 24 24\" fill=\"none\" stroke=\"currentColor\" stroke-width=\"2\" stroke-linecap=\"round\" stroke-linejoin=\"round\" aria-hidden=\"true\"><path d=\"M18 13v6a2 2 0 0 1-2 2H6a2 2 0 0 1-2-2V8a2 2 0 0 1 2-2h6\"\/><polyline points=\"15 3 21 3 21 9\"\/><line x1=\"10\" y1=\"14\" x2=\"21\" y2=\"3\"\/><\/svg><span>Veebisait<\/span><\/a><\/div><\/div><\/article><article class=\"clisting light blue\"><img decoding=\"async\" class=\"clisting__img\" src=\"https:\/\/tallinnarestoranid.ee\/wp-content\/uploads\/2025\/09\/tallinn.png\" alt=\"Hall\" loading=\"lazy\"\/><div class=\"clisting__text t-dark\"><h2 class=\"clisting__title blue\"><a href=\"https:\/\/www.facebook.com\/halltallinn\/\" target=\"_blank\" rel=\"noopener\">Hall<\/a><\/h2><div class=\"clisting__bar\"><\/div><div class=\"clisting__actions\"><a class=\"clisting__btn\" href=\"https:\/\/www.facebook.com\/halltallinn\/\" target=\"_blank\" rel=\"noopener\" aria-label=\"Veebisait (avaneb uues vahekaardis)\"><svg viewBox=\"0 0 24 24\" fill=\"none\" stroke=\"currentColor\" stroke-width=\"2\" stroke-linecap=\"round\" stroke-linejoin=\"round\" aria-hidden=\"true\"><path d=\"M18 13v6a2 2 0 0 1-2 2H6a2 2 0 0 1-2-2V8a2 2 0 0 1 2-2h6\"\/><polyline points=\"15 3 21 3 21 9\"\/><line x1=\"10\" y1=\"14\" x2=\"21\" y2=\"3\"\/><\/svg><span>Veebisait<\/span><\/a><\/div><\/div><\/article><article class=\"clisting light blue\"><img decoding=\"async\" class=\"clisting__img\" src=\"https:\/\/tallinnarestoranid.ee\/wp-content\/uploads\/2025\/09\/tallinn.png\" alt=\"M\u00f6ku\" loading=\"lazy\"\/><div class=\"clisting__text t-dark\"><h2 class=\"clisting__title blue\"><a href=\"https:\/\/moku.ee\/\" target=\"_blank\" rel=\"noopener\">M\u00f6ku<\/a><\/h2><div class=\"clisting__bar\"><\/div><div class=\"clisting__actions\"><a class=\"clisting__btn\" href=\"https:\/\/moku.ee\/\" target=\"_blank\" rel=\"noopener\" aria-label=\"Veebisait (avaneb uues vahekaardis)\"><svg viewBox=\"0 0 24 24\" fill=\"none\" stroke=\"currentColor\" stroke-width=\"2\" stroke-linecap=\"round\" stroke-linejoin=\"round\" aria-hidden=\"true\"><path d=\"M18 13v6a2 2 0 0 1-2 2H6a2 2 0 0 1-2-2V8a2 2 0 0 1 2-2h6\"\/><polyline points=\"15 3 21 3 21 9\"\/><line x1=\"10\" y1=\"14\" x2=\"21\" y2=\"3\"\/><\/svg><span>Veebisait<\/span><\/a><\/div><\/div><\/article><article class=\"clisting light blue\"><img decoding=\"async\" class=\"clisting__img\" src=\"https:\/\/tallinnarestoranid.ee\/wp-content\/uploads\/2025\/09\/tallinn.png\" alt=\"Mynt\" loading=\"lazy\"\/><div class=\"clisting__text t-dark\"><h2 class=\"clisting__title blue\"><a href=\"https:\/\/clubmynt.eu\/en\/\" target=\"_blank\" rel=\"noopener\">Mynt<\/a><\/h2><div class=\"clisting__bar\"><\/div><div class=\"clisting__actions\"><a class=\"clisting__btn\" href=\"https:\/\/clubmynt.eu\/en\/\" target=\"_blank\" rel=\"noopener\" aria-label=\"Veebisait (avaneb uues vahekaardis)\"><svg viewBox=\"0 0 24 24\" fill=\"none\" stroke=\"currentColor\" stroke-width=\"2\" stroke-linecap=\"round\" stroke-linejoin=\"round\" aria-hidden=\"true\"><path d=\"M18 13v6a2 2 0 0 1-2 2H6a2 2 0 0 1-2-2V8a2 2 0 0 1 2-2h6\"\/><polyline points=\"15 3 21 3 21 9\"\/><line x1=\"10\" y1=\"14\" x2=\"21\" y2=\"3\"\/><\/svg><span>Veebisait<\/span><\/a><\/div><\/div><\/article><article class=\"clisting light blue\"><img decoding=\"async\" class=\"clisting__img\" src=\"https:\/\/tallinnarestoranid.ee\/wp-content\/uploads\/2025\/09\/tallinn.png\" alt=\"Piana Vyshnia\" loading=\"lazy\"\/><div class=\"clisting__text t-dark\"><h2 class=\"clisting__title blue\"><a href=\"https:\/\/www.facebook.com\/pianavyshnia.tallinn\/\" target=\"_blank\" rel=\"noopener\">Piana Vyshnia<\/a><\/h2><div class=\"clisting__bar\"><\/div><div class=\"clisting__actions\"><a class=\"clisting__btn\" href=\"https:\/\/www.facebook.com\/pianavyshnia.tallinn\/\" target=\"_blank\" rel=\"noopener\" aria-label=\"Veebisait (avaneb uues vahekaardis)\"><svg viewBox=\"0 0 24 24\" fill=\"none\" stroke=\"currentColor\" stroke-width=\"2\" stroke-linecap=\"round\" stroke-linejoin=\"round\" aria-hidden=\"true\"><path d=\"M18 13v6a2 2 0 0 1-2 2H6a2 2 0 0 1-2-2V8a2 2 0 0 1 2-2h6\"\/><polyline points=\"15 3 21 3 21 9\"\/><line x1=\"10\" y1=\"14\" x2=\"21\" y2=\"3\"\/><\/svg><span>Veebisait<\/span><\/a><\/div><\/div><\/article><\/section><script type=\"application\/ld+json\">{\"@context\":\"https:\/\/schema.org\",\"@graph\":[{\"@type\":\"Restaurant\",\"name\":\"Depeche Mode Bar\",\"url\":\"https:\/\/www.facebook.com\/dmbaartln\/\",\"image\":\"https:\/\/tallinnarestoranid.ee\/wp-content\/uploads\/2025\/09\/tallinn.png\"},{\"@type\":\"Restaurant\",\"name\":\"Botaanik\",\"url\":\"https:\/\/www.botaanik.ee\/\",\"image\":\"https:\/\/tallinnarestoranid.ee\/wp-content\/uploads\/2025\/09\/tallinn.png\"},{\"@type\":\"Restaurant\",\"name\":\"Labor\",\"url\":\"https:\/\/www.facebook.com\/LaborBaar\/\",\"image\":\"https:\/\/tallinnarestoranid.ee\/wp-content\/uploads\/2025\/09\/tallinn.png\"},{\"@type\":\"Restaurant\",\"name\":\"Hall\",\"url\":\"https:\/\/www.facebook.com\/halltallinn\/\",\"image\":\"https:\/\/tallinnarestoranid.ee\/wp-content\/uploads\/2025\/09\/tallinn.png\"},{\"@type\":\"Restaurant\",\"name\":\"M\u00f6ku\",\"url\":\"https:\/\/moku.ee\/\",\"image\":\"https:\/\/tallinnarestoranid.ee\/wp-content\/uploads\/2025\/09\/tallinn.png\"},{\"@type\":\"Restaurant\",\"name\":\"Mynt\",\"url\":\"https:\/\/clubmynt.eu\/en\/\",\"image\":\"https:\/\/tallinnarestoranid.ee\/wp-content\/uploads\/2025\/09\/tallinn.png\"},{\"@type\":\"Restaurant\",\"name\":\"Piana Vyshnia\",\"url\":\"https:\/\/www.facebook.com\/pianavyshnia.tallinn\/\",\"image\":\"https:\/\/tallinnarestoranid.ee\/wp-content\/uploads\/2025\/09\/tallinn.png\"}]}<\/script><\/div>\n<\/div><\/div>\n\n<\/div><\/div>","protected":false},"excerpt":{"rendered":"<p>Tagasi Teemaravintolat ja viihdepaikat Tallinna on t\u00e4ynn\u00e4 monipuolisia ravintoloita \u2013 viihtyisist\u00e4 kotiruokaravintoloista aina kansainv\u00e4lisen tason fine dining -el\u00e4myksiin saakka. Listaltamme l\u00f6yd\u00e4t Tallinnan parhaat ravintolat, joissa voit nauttia niin lounasta, liiketapaamista kuin romanttista illallistakin.<\/p>\n","protected":false},"author":1,"featured_media":0,"parent":0,"menu_order":0,"comment_status":"closed","ping_status":"closed","template":"","meta":{"_kadence_starter_templates_imported_post":false,"_kad_post_transparent":"","_kad_post_title":"","_kad_post_layout":"","_kad_post_sidebar_id":"","_kad_post_content_style":"","_kad_post_vertical_padding":"","_kad_post_feature":"","_kad_post_feature_position":"","_kad_post_header":false,"_kad_post_footer":false,"footnotes":""},"class_list":["post-726","page","type-page","status-publish","hentry"],"_links":{"self":[{"href":"https:\/\/tallinnarestoranid.ee\/fi\/wp-json\/wp\/v2\/pages\/726","targetHints":{"allow":["GET"]}}],"collection":[{"href":"https:\/\/tallinnarestoranid.ee\/fi\/wp-json\/wp\/v2\/pages"}],"about":[{"href":"https:\/\/tallinnarestoranid.ee\/fi\/wp-json\/wp\/v2\/types\/page"}],"author":[{"embeddable":true,"href":"https:\/\/tallinnarestoranid.ee\/fi\/wp-json\/wp\/v2\/users\/1"}],"replies":[{"embeddable":true,"href":"https:\/\/tallinnarestoranid.ee\/fi\/wp-json\/wp\/v2\/comments?post=726"}],"version-history":[{"count":1,"href":"https:\/\/tallinnarestoranid.ee\/fi\/wp-json\/wp\/v2\/pages\/726\/revisions"}],"predecessor-version":[{"id":727,"href":"https:\/\/tallinnarestoranid.ee\/fi\/wp-json\/wp\/v2\/pages\/726\/revisions\/727"}],"wp:attachment":[{"href":"https:\/\/tallinnarestoranid.ee\/fi\/wp-json\/wp\/v2\/media?parent=726"}],"curies":[{"name":"wp","href":"https:\/\/api.w.org\/{rel}","templated":true}]}}